{"id":37636,"date":"2025-09-11T14:49:19","date_gmt":"2025-09-11T12:49:19","guid":{"rendered":"https:\/\/www.movintergroup.com\/de\/?page_id=37636"},"modified":"2025-10-14T23:38:01","modified_gmt":"2025-10-14T21:38:01","slug":"arbeiten-mit-uns","status":"publish","type":"page","link":"https:\/\/www.movintergroup.com\/de\/arbeiten-mit-uns\/","title":{"rendered":"Arbeiten mit uns"},"content":{"rendered":"\t\t<div data-elementor-type=\"wp-page\" data-elementor-id=\"37636\" class=\"elementor elementor-37636\" data-elementor-post-type=\"page\">\n\t\t\t\t\t\t<section class=\"elementor-section elementor-top-section elementor-element elementor-element-950b710 elementor-section-height-min-height elementor-section-items-stretch scheme_dark elementor-section-boxed elementor-section-height-default sc_fly_static\" data-id=\"950b710\" data-element_type=\"section\" data-e-type=\"section\">\n\t\t\t\t\t\t<div class=\"elementor-container elementor-column-gap-extended\">\n\t\t\t\t\t<div class=\"elementor-column elementor-col-100 elementor-top-column elementor-element elementor-element-d861fd7 sc_content_align_inherit sc_layouts_column_icons_position_left sc_fly_static\" data-id=\"d861fd7\" data-element_type=\"column\" data-e-type=\"column\">\n\t\t\t<div class=\"elementor-widget-wrap elementor-element-populated\">\n\t\t\t\t\t\t<section class=\"elementor-section elementor-inner-section elementor-element elementor-element-f022ad2 elementor-section-boxed elementor-section-height-default elementor-section-height-default sc_fly_static\" data-id=\"f022ad2\" data-element_type=\"section\" data-e-type=\"section\">\n\t\t\t\t\t\t<div class=\"elementor-container elementor-column-gap-extended\">\n\t\t\t\t\t<div class=\"elementor-column elementor-col-100 elementor-inner-column elementor-element elementor-element-2f88109 sc_content_align_inherit sc_layouts_column_icons_position_left sc_fly_static\" data-id=\"2f88109\" data-element_type=\"column\" data-e-type=\"column\">\n\t\t\t<div class=\"elementor-widget-wrap elementor-element-populated\">\n\t\t\t\t\t\t\t<\/div>\n\t\t<\/div>\n\t\t\t\t\t<\/div>\n\t\t<\/section>\n\t\t\t\t\t<\/div>\n\t\t<\/div>\n\t\t\t\t\t<\/div>\n\t\t<\/section>\n\t\t\t\t<section class=\"elementor-section-with-custom-width elementor-section elementor-top-section elementor-element elementor-element-01b63d7 elementor-section-boxed elementor-section-height-default elementor-section-height-default sc_fly_static\" data-id=\"01b63d7\" data-element_type=\"section\" data-e-type=\"section\">\n\t\t\t\t\t\t<div class=\"elementor-container elementor-column-gap-extended\">\n\t\t\t\t\t<div class=\"elementor-column elementor-col-100 elementor-top-column elementor-element elementor-element-ae6bfa4 sc_content_align_inherit sc_layouts_column_icons_position_left sc_fly_static\" data-id=\"ae6bfa4\" data-element_type=\"column\" data-e-type=\"column\">\n\t\t\t<div class=\"elementor-widget-wrap elementor-element-populated\">\n\t\t\t\t\t\t<div class=\"elementor-element elementor-element-b38f283 sc_fly_static elementor-widget elementor-widget-heading\" data-id=\"b38f283\" data-element_type=\"widget\" data-e-type=\"widget\" data-widget_type=\"heading.default\">\n\t\t\t\t<div class=\"elementor-widget-container\">\n\t\t\t\t\t<h2 class=\"elementor-heading-title elementor-size-default\">Tritt unserem Team bei\n<\/h2>\t\t\t\t<\/div>\n\t\t\t\t<\/div>\n\t\t\t\t<div class=\"elementor-element elementor-element-00270ab sc_fly_static elementor-widget elementor-widget-text-editor\" data-id=\"00270ab\" data-element_type=\"widget\" data-e-type=\"widget\" data-widget_type=\"text-editor.default\">\n\t\t\t\t<div class=\"elementor-widget-container\">\n\t\t\t\t\t\t\t\t\t<p>Bist du auf der Suche nach einer neuen beruflichen Herausforderung und m\u00f6chtest Teil eines dynamischen und wachsenden Teams werden? Wir sind immer auf der Suche nach talentierten, motivierten und leidenschaftlichen Menschen, die zu unserem Erfolg beitragen m\u00f6chten.<\/p>\t\t\t\t\t\t\t\t<\/div>\n\t\t\t\t<\/div>\n\t\t\t\t<div class=\"elementor-element elementor-element-c0eb844 sc_fly_static elementor-widget elementor-widget-text-editor\" data-id=\"c0eb844\" data-element_type=\"widget\" data-e-type=\"widget\" data-widget_type=\"text-editor.default\">\n\t\t\t\t<div class=\"elementor-widget-container\">\n\t\t\t\t\t\t\t\t\t<p>Sende deine Bewerbung, indem du das untenstehende Formular ausf\u00fcllst: Wir werden dein Profil sorgf\u00e4ltig pr\u00fcfen und dich kontaktieren, wenn es offene Positionen gibt, die mit deinen F\u00e4higkeiten \u00fcbereinstimmen.<\/p>\t\t\t\t\t\t\t\t<\/div>\n\t\t\t\t<\/div>\n\t\t\t\t\t<\/div>\n\t\t<\/div>\n\t\t\t\t\t<\/div>\n\t\t<\/section>\n\t\t\t\t<section class=\"elementor-section-with-custom-width elementor-section elementor-top-section elementor-element elementor-element-509665a elementor-section-boxed elementor-section-height-default elementor-section-height-default sc_fly_static\" data-id=\"509665a\" data-element_type=\"section\" data-e-type=\"section\">\n\t\t\t\t\t\t<div class=\"elementor-container elementor-column-gap-extended\">\n\t\t\t\t\t<div class=\"elementor-column elementor-col-100 elementor-top-column elementor-element elementor-element-3284c6b sc_content_align_inherit sc_layouts_column_icons_position_left sc_fly_static\" data-id=\"3284c6b\" data-element_type=\"column\" data-e-type=\"column\">\n\t\t\t<div class=\"elementor-widget-wrap elementor-element-populated\">\n\t\t\t\t\t\t<section class=\"elementor-section elementor-inner-section elementor-element elementor-element-4f46f0f elementor-section-height-min-height elementor-section-boxed elementor-section-height-default sc_fly_static\" data-id=\"4f46f0f\" data-element_type=\"section\" data-e-type=\"section\" data-settings=\"{&quot;background_background&quot;:&quot;classic&quot;}\">\n\t\t\t\t\t\t<div class=\"elementor-container elementor-column-gap-extended\">\n\t\t\t\t\t<div class=\"elementor-column elementor-col-100 elementor-inner-column elementor-element elementor-element-9d4c9bc sc_content_align_inherit sc_layouts_column_icons_position_left sc_fly_static\" data-id=\"9d4c9bc\" data-element_type=\"column\" data-e-type=\"column\">\n\t\t\t<div class=\"elementor-widget-wrap elementor-element-populated\">\n\t\t\t\t\t\t<div class=\"elementor-element elementor-element-8f5d4f6 sc_fly_static elementor-widget elementor-widget-formidable\" data-id=\"8f5d4f6\" data-element_type=\"widget\" data-e-type=\"widget\" data-widget_type=\"formidable.default\">\n\t\t\t\t<div class=\"elementor-widget-container\">\n\t\t\t\t\t<div class=\"frm_forms  with_frm_style frm_center_submit frm_style_stile-formidable\" id=\"frm_form_2_container\" data-token=\"cfff6837c4773dcd56d7f0f2eeeed7c2\">\n<form enctype=\"multipart\/form-data\" method=\"post\" class=\"frm-show-form  frm_js_validate  frm_ajax_submit  frm_pro_form \" id=\"form_contact-form2\" data-token=\"cfff6837c4773dcd56d7f0f2eeeed7c2\">\n<div class=\"frm_form_fields \">\n<fieldset>\n<legend class=\"frm_screen_reader\">Lavora con noi<\/legend>\r\n\r\n<div class=\"frm_fields_container\">\n<input type=\"hidden\" name=\"frm_action\" value=\"create\" \/>\n<input type=\"hidden\" name=\"form_id\" value=\"2\" \/>\n<input type=\"hidden\" name=\"frm_hide_fields_2\" id=\"frm_hide_fields_2\" value=\"\" \/>\n<input type=\"hidden\" name=\"form_key\" value=\"contact-form2\" \/>\n<input type=\"hidden\" name=\"item_meta[0]\" value=\"\" \/>\n<input type=\"hidden\" id=\"frm_submit_entry_2\" name=\"frm_submit_entry_2\" value=\"46a68d8f1e\" \/><input type=\"hidden\" name=\"_wp_http_referer\" value=\"\/de\/wp-json\/wp\/v2\/pages\/37636\" \/><div id=\"frm_field_9_container\" class=\"frm_form_field form-field  frm_required_field frm_inside_container frm6 frm_first\">\r\n\t<label for=\"field_qh4icy2\" id=\"field_qh4icy2_label\" class=\"frm_primary_label\">Kontakte\r\n\t\t<span class=\"frm_required\" aria-hidden=\"true\">*<\/span>\r\n\t<\/label>\r\n\t<input  type=\"text\" id=\"field_qh4icy2\" name=\"item_meta[9]\" value=\"\"  data-reqmsg=\"Kontakte darf nicht leer sein.\" aria-required=\"true\" data-invmsg=\"Kontakte non \u00e8 valido\" aria-invalid=\"false\"   \/>\r\n\t\r\n\t\r\n<\/div>\n<div id=\"frm_field_10_container\" class=\"frm_form_field form-field  frm_required_field frm_inside_container frm6\">\r\n\t<label for=\"field_3yrju2\" id=\"field_3yrju2_label\" class=\"frm_primary_label\">Telefon\r\n\t\t<span class=\"frm_required\" aria-hidden=\"true\">*<\/span>\r\n\t<\/label>\r\n\t<input type=\"tel\" id=\"field_3yrju2\" name=\"item_meta[10]\" value=\"\"  data-reqmsg=\"Telefon darf nicht leer sein.\" aria-required=\"true\" data-invmsg=\"Telefon ist ung\u00fcltig\" aria-invalid=\"false\" pattern=\"((\\+\\d{1,3}(-|.| )?\\(?\\d\\)?(-| |.)?\\d{1,5})|(\\(?\\d{2,6}\\)?))(-|.| )?(\\d{3,4})(-|.| )?(\\d{4})(( x| ext)\\d{1,5}){0,1}$\"  \/>\r\n\t\r\n\t\r\n<\/div>\n<div id=\"frm_field_11_container\" class=\"frm_form_field form-field  frm_required_field frm_inside_container frm6 frm_first\">\r\n\t<label for=\"field_29yf4d2\" id=\"field_29yf4d2_label\" class=\"frm_primary_label\">Email\r\n\t\t<span class=\"frm_required\" aria-hidden=\"true\">*<\/span>\r\n\t<\/label>\r\n\t<input type=\"email\" id=\"field_29yf4d2\" name=\"item_meta[11]\" value=\"\"  data-reqmsg=\"Email darf nicht leer sein.\" aria-required=\"true\" data-invmsg=\"Bitte geben Sie eine g\u00fcltige E-Mail-Adresse ein\" aria-invalid=\"false\"  \/>\r\n\t\r\n\t\r\n<\/div>\n<div id=\"frm_field_18_container\" class=\"frm_form_field form-field  frm_inside_container frm6\">\r\n\t<label for=\"field_1bbnd\" id=\"field_1bbnd_label\" class=\"frm_primary_label\">Bewerbungsposition\r\n\t\t<span class=\"frm_required\" aria-hidden=\"true\"><\/span>\r\n\t<\/label>\r\n\t<input  type=\"text\" id=\"field_1bbnd\" name=\"item_meta[18]\" value=\"\"  data-invmsg=\"Bewerbungsposition non \u00e8 valido\" aria-invalid=\"false\"   \/>\r\n\t\r\n\t\r\n<\/div>\n<div id=\"frm_field_15_container\" class=\"frm_form_field form-field  frm_required_field frm_top_container frm6 frm_first\">\r\n\t<label for=\"field_8fnnr\" id=\"field_8fnnr_label\" class=\"frm_primary_label\">Lebenslauf anh\u00e4ngen\r\n\t\t<span class=\"frm_required\" aria-hidden=\"true\">*<\/span>\r\n\t<\/label>\r\n\t<input type=\"hidden\"  data-reqmsg=\"Lebenslauf anh\u00e4ngen darf nicht leer sein.\" data-invmsg=\"Lebenslauf anh\u00e4ngen ist ung\u00fcltig\" aria-invalid=\"false\"   name=\"item_meta[15]\"  data-reqmsg=\"Lebenslauf anh\u00e4ngen darf nicht leer sein.\"  value=\"\" data-frmfile=\"15\" \/>\n\n<div class=\"frm_dropzone frm_single_upload frm_clearfix\" id=\"file15_dropzone\" role=\"group\" >\n\t<div class=\"fallback\">\n\t\t<input type=\"file\" name=\"file15\" id=\"field_8fnnr\"\n\t\t\t data-reqmsg=\"Lebenslauf anh\u00e4ngen darf nicht leer sein.\" data-invmsg=\"Lebenslauf anh\u00e4ngen ist ung\u00fcltig\" aria-invalid=\"false\"  \t\t\t\/>\n\t\t\t\t<div class=\"frm_clearfix \"><\/div>\n\t<\/div>\n\t<div class=\"dz-message needsclick\">\n\t\t\t\t<svg  viewBox=\"0 0 18 18\" class=\"frmsvg frm-svg-icon\">\n\t<path viewBox=\"0 0 18 18\" fill-rule=\"evenodd\" clip-rule=\"evenodd\" d=\"M8.2 4v8a.8.8 0 001.5 0V4l2.1 2.2A.7.7 0 1013 5L9.5 1.7a.7.7 0 00-1.1 0L5.1 5.2a.8.8 0 001 1l2.1-2zm7.6 4.3c.4 0 .7.3.7.7v6.8c0 .4-.3.7-.8.7H2.3a.8.8 0 01-.8-.8V9A.8.8 0 013 9v6h12V9c0-.4.3-.8.8-.8z\"><\/path>\n<\/svg>\t\t<span class=\"frm_upload_text\"><button type=\"button\" aria-label=\"Lebenslauf anh\u00e4ngen. Ziehen Sie Ihre Datei hierhin oder klicken Sie, um sie hochzuladen. Maximale Dateigr\u00f6\u00dfe: 1.54MB\">Ziehen Sie Ihre Datei hierhin oder klicken Sie, um sie hochzuladen<\/button><\/span>\n\t\t<span class=\"frm_compact_text\"><button type=\"button\" aria-label=\"Lebenslauf anh\u00e4ngen. Datei ausw\u00e4hlen. Maximale Dateigr\u00f6\u00dfe: 1.54MB\">Datei ausw\u00e4hlen<\/button><\/span>\n\t\t<div class=\"frm_small_text\">\n\t\t\t<p>Maximale Dateigr\u00f6\u00dfe: 1.54MB<\/p>\n\t\t<\/div>\n\t<\/div>\n<\/div>\n\t\r\n\t\r\n\t\r\n<\/div>\n<div id=\"frm_field_16_container\" class=\"frm_form_field form-field  frm_top_container frm6\">\r\n\t<label for=\"field_89d0s\" id=\"field_89d0s_label\" class=\"frm_primary_label\">Anschreiben anh\u00e4ngen\r\n\t\t<span class=\"frm_required\" aria-hidden=\"true\"><\/span>\r\n\t<\/label>\r\n\t<input type=\"hidden\"  data-invmsg=\"Anschreiben anh\u00e4ngen ist ung\u00fcltig\" aria-invalid=\"false\"   name=\"item_meta[16]\"  value=\"\" data-frmfile=\"16\" \/>\n\n<div class=\"frm_dropzone frm_single_upload frm_clearfix\" id=\"file16_dropzone\" role=\"group\" >\n\t<div class=\"fallback\">\n\t\t<input type=\"file\" name=\"file16\" id=\"field_89d0s\"\n\t\t\t data-invmsg=\"Anschreiben anh\u00e4ngen ist ung\u00fcltig\" aria-invalid=\"false\"  \t\t\t\/>\n\t\t\t\t<div class=\"frm_clearfix \"><\/div>\n\t<\/div>\n\t<div class=\"dz-message needsclick\">\n\t\t\t\t<svg  viewBox=\"0 0 18 18\" class=\"frmsvg frm-svg-icon\">\n\t<path viewBox=\"0 0 18 18\" fill-rule=\"evenodd\" clip-rule=\"evenodd\" d=\"M8.2 4v8a.8.8 0 001.5 0V4l2.1 2.2A.7.7 0 1013 5L9.5 1.7a.7.7 0 00-1.1 0L5.1 5.2a.8.8 0 001 1l2.1-2zm7.6 4.3c.4 0 .7.3.7.7v6.8c0 .4-.3.7-.8.7H2.3a.8.8 0 01-.8-.8V9A.8.8 0 013 9v6h12V9c0-.4.3-.8.8-.8z\"><\/path>\n<\/svg>\t\t<span class=\"frm_upload_text\"><button type=\"button\" aria-label=\"Anschreiben anh\u00e4ngen. Ziehen Sie Ihre Datei hierhin oder klicken Sie, um sie hochzuladen. Maximale Dateigr\u00f6\u00dfe: 1.54MB\">Ziehen Sie Ihre Datei hierhin oder klicken Sie, um sie hochzuladen<\/button><\/span>\n\t\t<span class=\"frm_compact_text\"><button type=\"button\" aria-label=\"Anschreiben anh\u00e4ngen. Datei ausw\u00e4hlen. Maximale Dateigr\u00f6\u00dfe: 1.54MB\">Datei ausw\u00e4hlen<\/button><\/span>\n\t\t<div class=\"frm_small_text\">\n\t\t\t<p>Maximale Dateigr\u00f6\u00dfe: 1.54MB<\/p>\n\t\t<\/div>\n\t<\/div>\n<\/div>\n\t\r\n\t\r\n\t\r\n<\/div>\n<div id=\"frm_field_13_container\" class=\"frm_form_field form-field  frm_required_field frm_none_container vertical_radio\">\r\n\t<div  id=\"field_idvyv2_label\" class=\"frm_primary_label\">Privacy\r\n\t\t<span class=\"frm_required\" aria-hidden=\"true\"><\/span>\r\n\t<\/div>\r\n\t<div class=\"frm_opt_container\" aria-labelledby=\"field_idvyv2_label\" role=\"group\">\t\t<div class=\"frm_checkbox\" id=\"frm_checkbox_13-0\">\t\t\t<label  for=\"field_idvyv2-0\">\n\t\t\t<input type=\"checkbox\" name=\"item_meta[13][]\" id=\"field_idvyv2-0\" value=\"Ich habe die Datenschutzerkl\u00e4rung gelesen und stimme der Verarbeitung meiner Daten zu\"  data-reqmsg=\"Privacy non pu\u00f2 essere vuoto.\" data-invmsg=\"Privacy non \u00e8 valido\"   aria-required=\"true\"  \/> Ich habe die Datenschutzerkl\u00e4rung gelesen und stimme der Verarbeitung meiner Daten zu<\/label><\/div>\n<\/div>\r\n\t\r\n\t\r\n<\/div>\n<div id=\"frm_field_20_container\" class=\"frm_form_field form-field  frm_none_container\">\r\n\t<label for=\"g-recaptcha-response\" id=\"field_rlzpw_label\" class=\"frm_primary_label\">Captcha\r\n\t\t<span class=\"frm_required\" aria-hidden=\"true\"><\/span>\r\n\t<\/label>\r\n\t<div  id=\"field_rlzpw\" class=\"frm-g-recaptcha\" data-sitekey=\"6LexReArAAAAAJB1AQnOalO9fmekn2WMIXMTPez6\" data-size=\"invisible\" data-theme=\"light\"><\/div>\r\n\t\r\n\t\r\n<\/div>\n<div id=\"frm_field_14_container\" class=\"frm_form_field form-field \">\r\n\t<div class=\"frm_submit frm_flex\">\r\n<button class=\"frm_button_submit frm_final_submit\" type=\"submit\"   formnovalidate=\"formnovalidate\">Erfahren Sie mehr<\/button>\r\n\r\n\r\n\r\n<\/div>\r\n<\/div>\n\t<input type=\"hidden\" name=\"item_key\" value=\"\" \/>\n\t\t\t<div id=\"frm_field_21_container\">\n\t\t\t<label for=\"field_y403k\" >\n\t\t\t\tFalls Du menschlich bist, lasse dieses Feld leer.\t\t\t<\/label>\n\t\t\t<input  id=\"field_y403k\" type=\"text\" class=\"frm_form_field form-field frm_verify\" name=\"item_meta[21]\" value=\"\"  \/>\n\t\t<\/div>\n\t\t<input name=\"frm_state\" type=\"hidden\" value=\"IoJyMCybz3T6e+ZWc0vLb\/GS4b\/Z0\/6GSHs4RYSQVgBTeTQj7MtBvtqj09EZi7ab\" \/><\/div>\n<\/fieldset>\n<\/div>\n\n<\/form>\n<\/div>\n\t\t\t\t<\/div>\n\t\t\t\t<\/div>\n\t\t\t\t\t<\/div>\n\t\t<\/div>\n\t\t\t\t\t<\/div>\n\t\t<\/section>\n\t\t\t\t\t<\/div>\n\t\t<\/div>\n\t\t\t\t\t<\/div>\n\t\t<\/section>\n\t\t\t\t<section class=\"elementor-section elementor-top-section elementor-element elementor-element-760b454 elementor-section-full_width elementor-section-height-default elementor-section-height-default sc_fly_static\" data-id=\"760b454\" data-element_type=\"section\" data-e-type=\"section\">\n\t\t\t\t\t\t<div class=\"elementor-container elementor-column-gap-extended\">\n\t\t\t\t\t<div class=\"elementor-column elementor-col-100 elementor-top-column elementor-element elementor-element-5c080b5 sc_content_align_inherit sc_layouts_column_icons_position_left sc_fly_static\" data-id=\"5c080b5\" data-element_type=\"column\" data-e-type=\"column\">\n\t\t\t<div class=\"elementor-widget-wrap elementor-element-populated\">\n\t\t\t\t\t\t<div class=\"elementor-element elementor-element-f03dfbb sc_fly_static elementor-widget elementor-widget-shortcode\" data-id=\"f03dfbb\" data-element_type=\"widget\" data-e-type=\"widget\" data-widget_type=\"shortcode.default\">\n\t\t\t\t<div class=\"elementor-widget-container\">\n\t\t\t\t\t\t\t<div class=\"elementor-shortcode\">\t\t<div data-elementor-type=\"section\" data-elementor-id=\"37600\" class=\"elementor elementor-37600\" data-elementor-post-type=\"elementor_library\">\n\t\t\t\t\t<section class=\"elementor-section elementor-top-section elementor-element elementor-element-3791a50b elementor-section-full_width elementor-section-height-default elementor-section-height-default sc_fly_static\" data-id=\"3791a50b\" data-element_type=\"section\" data-e-type=\"section\">\n\t\t\t\t\t\t<div class=\"elementor-container elementor-column-gap-extended\">\n\t\t\t\t\t<div class=\"elementor-column elementor-col-100 elementor-top-column elementor-element elementor-element-2f20fb69 sc_content_align_inherit sc_layouts_column_icons_position_left sc_fly_static\" data-id=\"2f20fb69\" data-element_type=\"column\" data-e-type=\"column\">\n\t\t\t<div class=\"elementor-widget-wrap elementor-element-populated\">\n\t\t\t\t\t\t<div class=\"elementor-element elementor-element-443cb702 sc_fly_static elementor-widget elementor-widget-heading\" data-id=\"443cb702\" data-element_type=\"widget\" data-e-type=\"widget\" data-widget_type=\"heading.default\">\n\t\t\t\t<div class=\"elementor-widget-container\">\n\t\t\t\t\t<h3 class=\"elementor-heading-title elementor-size-default\">Wir haben f\u00fcr gearbeitet:\n<\/h3>\t\t\t\t<\/div>\n\t\t\t\t<\/div>\n\t\t\t\t<div class=\"elementor-element elementor-element-3b6772ac sc_fly_static elementor-widget elementor-widget-image-carousel\" data-id=\"3b6772ac\" data-element_type=\"widget\" data-e-type=\"widget\" data-settings=\"{&quot;slides_to_show&quot;:&quot;6&quot;,&quot;slides_to_scroll&quot;:&quot;1&quot;,&quot;navigation&quot;:&quot;none&quot;,&quot;autoplay_speed&quot;:0,&quot;speed&quot;:5000,&quot;slides_to_show_tablet&quot;:&quot;4&quot;,&quot;slides_to_show_mobile&quot;:&quot;2&quot;,&quot;autoplay&quot;:&quot;yes&quot;,&quot;infinite&quot;:&quot;yes&quot;}\" data-widget_type=\"image-carousel.default\">\n\t\t\t\t<div class=\"elementor-widget-container\">\n\t\t\t\t\t\t\t<div class=\"elementor-image-carousel-wrapper swiper\" role=\"region\" aria-roledescription=\"carousel\" aria-label=\"Carosello clienti\" dir=\"ltr\">\n\t\t\t<div class=\"elementor-image-carousel swiper-wrapper swiper-image-stretch\" aria-live=\"off\">\n\t\t\t\t\t\t\t\t<div class=\"swiper-slide\" role=\"group\" aria-roledescription=\"slide\" aria-label=\"1 von 9\"><figure class=\"swiper-slide-inner\"><img decoding=\"async\" class=\"swiper-slide-image\" src=\"https:\/\/www.movintergroup.com\/de\/wp-content\/uploads\/sites\/3\/2025\/09\/Hitachi-logo.webp\" alt=\"Hitachi\" \/><\/figure><\/div><div class=\"swiper-slide\" role=\"group\" aria-roledescription=\"slide\" aria-label=\"2 von 9\"><figure class=\"swiper-slide-inner\"><img decoding=\"async\" class=\"swiper-slide-image\" src=\"https:\/\/www.movintergroup.com\/de\/wp-content\/uploads\/sites\/3\/2025\/09\/Alstom-logo.webp\" alt=\"Alstom\" \/><\/figure><\/div><div class=\"swiper-slide\" role=\"group\" aria-roledescription=\"slide\" aria-label=\"3 von 9\"><figure class=\"swiper-slide-inner\"><img decoding=\"async\" class=\"swiper-slide-image\" src=\"https:\/\/www.movintergroup.com\/de\/wp-content\/uploads\/sites\/3\/2025\/09\/Fincantieri-logo.webp\" alt=\"Fincantieri\" \/><\/figure><\/div><div class=\"swiper-slide\" role=\"group\" aria-roledescription=\"slide\" aria-label=\"4 von 9\"><figure class=\"swiper-slide-inner\"><img decoding=\"async\" class=\"swiper-slide-image\" src=\"https:\/\/www.movintergroup.com\/de\/wp-content\/uploads\/sites\/3\/2025\/09\/Leonardo-logo.webp\" alt=\"Leonardo\" \/><\/figure><\/div><div class=\"swiper-slide\" role=\"group\" aria-roledescription=\"slide\" aria-label=\"5 von 9\"><figure class=\"swiper-slide-inner\"><img decoding=\"async\" class=\"swiper-slide-image\" src=\"https:\/\/www.movintergroup.com\/de\/wp-content\/uploads\/sites\/3\/2025\/09\/Stadler-logo.webp\" alt=\"Stadler\" \/><\/figure><\/div><div class=\"swiper-slide\" role=\"group\" aria-roledescription=\"slide\" aria-label=\"6 von 9\"><figure class=\"swiper-slide-inner\"><img decoding=\"async\" class=\"swiper-slide-image\" src=\"https:\/\/www.movintergroup.com\/de\/wp-content\/uploads\/sites\/3\/2025\/09\/Firema-Titagarh-logo.webp\" alt=\"Firema Titagarh\" \/><\/figure><\/div><div class=\"swiper-slide\" role=\"group\" aria-roledescription=\"slide\" aria-label=\"7 von 9\"><figure class=\"swiper-slide-inner\"><img decoding=\"async\" class=\"swiper-slide-image\" src=\"https:\/\/www.movintergroup.com\/de\/wp-content\/uploads\/sites\/3\/2025\/09\/Intermarine-logo.webp\" alt=\"Intermarine\" \/><\/figure><\/div><div class=\"swiper-slide\" role=\"group\" aria-roledescription=\"slide\" aria-label=\"8 von 9\"><figure class=\"swiper-slide-inner\"><img decoding=\"async\" class=\"swiper-slide-image\" src=\"https:\/\/www.movintergroup.com\/de\/wp-content\/uploads\/sites\/3\/2025\/09\/Marriotti-logo.webp\" alt=\"Marriotti\" \/><\/figure><\/div><div class=\"swiper-slide\" role=\"group\" aria-roledescription=\"slide\" aria-label=\"9 von 9\"><figure class=\"swiper-slide-inner\"><img decoding=\"async\" class=\"swiper-slide-image\" src=\"https:\/\/www.movintergroup.com\/de\/wp-content\/uploads\/sites\/3\/2025\/09\/Mecaer-Aviation-logo.webp\" alt=\"Mecaer Aviation\" \/><\/figure><\/div>\t\t\t<\/div>\n\t\t\t\t\t\t\t\n\t\t\t\t\t\t\t\t\t<\/div>\n\t\t\t\t\t\t<\/div>\n\t\t\t\t<\/div>\n\t\t\t\t\t<\/div>\n\t\t<\/div>\n\t\t\t\t\t<\/div>\n\t\t<\/section>\n\t\t\t\t<\/div>\n\t\t<\/div>\n\t\t\t\t\t\t<\/div>\n\t\t\t\t<\/div>\n\t\t\t\t\t<\/div>\n\t\t<\/div>\n\t\t\t\t\t<\/div>\n\t\t<\/section>\n\t\t\t\t<\/div>\n\t\t","protected":false},"excerpt":{"rendered":"<p>Tritt unserem Team bei Bist du auf der Suche nach einer neuen beruflichen Herausforderung und m\u00f6chtest Teil eines dynamischen und wachsenden Teams werden? Wir sind immer auf der Suche nach&hellip;<\/p>\n","protected":false},"author":2,"featured_media":0,"parent":0,"menu_order":0,"comment_status":"closed","ping_status":"closed","template":"","meta":{"footnotes":""},"class_list":["post-37636","page","type-page","status-publish","hentry"],"_links":{"self":[{"href":"https:\/\/www.movintergroup.com\/de\/wp-json\/wp\/v2\/pages\/37636","targetHints":{"allow":["GET"]}}],"collection":[{"href":"https:\/\/www.movintergroup.com\/de\/wp-json\/wp\/v2\/pages"}],"about":[{"href":"https:\/\/www.movintergroup.com\/de\/wp-json\/wp\/v2\/types\/page"}],"author":[{"embeddable":true,"href":"https:\/\/www.movintergroup.com\/de\/wp-json\/wp\/v2\/users\/2"}],"replies":[{"embeddable":true,"href":"https:\/\/www.movintergroup.com\/de\/wp-json\/wp\/v2\/comments?post=37636"}],"version-history":[{"count":23,"href":"https:\/\/www.movintergroup.com\/de\/wp-json\/wp\/v2\/pages\/37636\/revisions"}],"predecessor-version":[{"id":38263,"href":"https:\/\/www.movintergroup.com\/de\/wp-json\/wp\/v2\/pages\/37636\/revisions\/38263"}],"wp:attachment":[{"href":"https:\/\/www.movintergroup.com\/de\/wp-json\/wp\/v2\/media?parent=37636"}],"curies":[{"name":"wp","href":"https:\/\/api.w.org\/{rel}","templated":true}]}}