{"id":37102,"date":"2025-07-02T11:14:40","date_gmt":"2025-07-02T09:14:40","guid":{"rendered":"https:\/\/www.movintergroup.com\/de\/?page_id=37102"},"modified":"2025-10-15T00:08:16","modified_gmt":"2025-10-14T22:08:16","slug":"sektoren","status":"publish","type":"page","link":"https:\/\/www.movintergroup.com\/de\/sektoren\/","title":{"rendered":"Sektoren"},"content":{"rendered":"\t\t<div data-elementor-type=\"wp-page\" data-elementor-id=\"37102\" class=\"elementor elementor-37102\" data-elementor-post-type=\"page\">\n\t\t\t\t\t\t<section class=\"elementor-section elementor-top-section elementor-element elementor-element-950b710 elementor-section-height-min-height elementor-section-items-stretch scheme_dark elementor-section-boxed elementor-section-height-default sc_fly_static\" data-id=\"950b710\" data-element_type=\"section\" data-e-type=\"section\" data-settings=\"{&quot;background_background&quot;:&quot;classic&quot;}\">\n\t\t\t\t\t\t\t<div class=\"elementor-background-overlay\"><\/div>\n\t\t\t\t\t\t\t<div class=\"elementor-container elementor-column-gap-extended\">\n\t\t\t\t\t<div class=\"elementor-column elementor-col-100 elementor-top-column elementor-element elementor-element-d861fd7 sc_content_align_inherit sc_layouts_column_icons_position_left sc_fly_static\" data-id=\"d861fd7\" data-element_type=\"column\" data-e-type=\"column\">\n\t\t\t<div class=\"elementor-widget-wrap elementor-element-populated\">\n\t\t\t\t\t\t<section class=\"elementor-section elementor-inner-section elementor-element elementor-element-f022ad2 elementor-section-boxed elementor-section-height-default elementor-section-height-default sc_fly_static\" data-id=\"f022ad2\" data-element_type=\"section\" data-e-type=\"section\">\n\t\t\t\t\t\t<div class=\"elementor-container elementor-column-gap-extended\">\n\t\t\t\t\t<div class=\"elementor-column elementor-col-100 elementor-inner-column elementor-element elementor-element-2f88109 sc_content_align_inherit sc_layouts_column_icons_position_left sc_fly_static\" data-id=\"2f88109\" data-element_type=\"column\" data-e-type=\"column\">\n\t\t\t<div class=\"elementor-widget-wrap elementor-element-populated\">\n\t\t\t\t\t\t<div class=\"elementor-element elementor-element-04d43b9 sc_fly_static elementor-widget elementor-widget-text-editor\" data-id=\"04d43b9\" data-element_type=\"widget\" data-e-type=\"widget\" data-widget_type=\"text-editor.default\">\n\t\t\t\t<div class=\"elementor-widget-container\">\n\t\t\t\t\t\t\t\t\t<p>Experten im maritimen, eisenbahntechnischen und Verteidigungsbereich<\/p>\t\t\t\t\t\t\t\t<\/div>\n\t\t\t\t<\/div>\n\t\t\t\t\t<\/div>\n\t\t<\/div>\n\t\t\t\t\t<\/div>\n\t\t<\/section>\n\t\t\t\t\t<\/div>\n\t\t<\/div>\n\t\t\t\t\t<\/div>\n\t\t<\/section>\n\t\t\t\t<section class=\"elementor-section elementor-top-section elementor-element elementor-element-40dedde elementor-section-boxed elementor-section-height-default elementor-section-height-default sc_fly_static\" data-id=\"40dedde\" data-element_type=\"section\" data-e-type=\"section\">\n\t\t\t\t\t\t<div class=\"elementor-container elementor-column-gap-extended\">\n\t\t\t\t\t<div class=\"elementor-column elementor-col-100 elementor-top-column elementor-element elementor-element-9076b65 sc_content_align_inherit sc_layouts_column_icons_position_left sc_fly_static\" data-id=\"9076b65\" data-element_type=\"column\" data-e-type=\"column\">\n\t\t\t<div class=\"elementor-widget-wrap elementor-element-populated\">\n\t\t\t\t\t\t<div class=\"elementor-element elementor-element-e3ca9a6 sc_fly_static elementor-widget elementor-widget-image\" data-id=\"e3ca9a6\" data-element_type=\"widget\" data-e-type=\"widget\" data-widget_type=\"image.default\">\n\t\t\t\t<div class=\"elementor-widget-container\">\n\t\t\t\t\t\t\t\t\t\t\t\t\t\t\t<img fetchpriority=\"high\" decoding=\"async\" width=\"2048\" height=\"832\" src=\"https:\/\/www.movintergroup.com\/de\/wp-content\/uploads\/sites\/3\/2025\/09\/settori-ferroviario-pagina.webp\" class=\"attachment-full size-full wp-image-37550\" alt=\"Movinter group - Settore ferroviario, soluzioni evolute per un&#039;offerta completa\" srcset=\"https:\/\/www.movintergroup.com\/de\/wp-content\/uploads\/sites\/3\/2025\/09\/settori-ferroviario-pagina.webp 2048w, https:\/\/www.movintergroup.com\/de\/wp-content\/uploads\/sites\/3\/2025\/09\/settori-ferroviario-pagina-300x122.webp 300w, https:\/\/www.movintergroup.com\/de\/wp-content\/uploads\/sites\/3\/2025\/09\/settori-ferroviario-pagina-1024x416.webp 1024w, https:\/\/www.movintergroup.com\/de\/wp-content\/uploads\/sites\/3\/2025\/09\/settori-ferroviario-pagina-768x312.webp 768w, https:\/\/www.movintergroup.com\/de\/wp-content\/uploads\/sites\/3\/2025\/09\/settori-ferroviario-pagina-1536x624.webp 1536w, https:\/\/www.movintergroup.com\/de\/wp-content\/uploads\/sites\/3\/2025\/09\/settori-ferroviario-pagina-370x150.webp 370w, https:\/\/www.movintergroup.com\/de\/wp-content\/uploads\/sites\/3\/2025\/09\/settori-ferroviario-pagina-840x341.webp 840w, https:\/\/www.movintergroup.com\/de\/wp-content\/uploads\/sites\/3\/2025\/09\/settori-ferroviario-pagina-410x167.webp 410w\" sizes=\"(max-width: 2048px) 100vw, 2048px\" \/>\t\t\t\t\t\t\t\t\t\t\t\t\t\t\t<\/div>\n\t\t\t\t<\/div>\n\t\t\t\t\t<\/div>\n\t\t<\/div>\n\t\t\t\t\t<\/div>\n\t\t<\/section>\n\t\t\t\t<section class=\"elementor-section elementor-top-section elementor-element elementor-element-c00ce34 elementor-section-boxed elementor-section-height-default elementor-section-height-default sc_fly_static\" data-id=\"c00ce34\" data-element_type=\"section\" data-e-type=\"section\">\n\t\t\t\t\t\t<div class=\"elementor-container elementor-column-gap-extended\">\n\t\t\t\t\t<div class=\"elementor-column elementor-col-50 elementor-top-column elementor-element elementor-element-ae51928 sc_content_align_inherit sc_layouts_column_icons_position_left sc_fly_static\" data-id=\"ae51928\" data-element_type=\"column\" data-e-type=\"column\">\n\t\t\t<div class=\"elementor-widget-wrap elementor-element-populated\">\n\t\t\t\t\t\t<div class=\"elementor-element elementor-element-8d1cd9c sc_fly_static elementor-widget elementor-widget-heading\" data-id=\"8d1cd9c\" data-element_type=\"widget\" data-e-type=\"widget\" data-widget_type=\"heading.default\">\n\t\t\t\t<div class=\"elementor-widget-container\">\n\t\t\t\t\t<h2 class=\"elementor-heading-title elementor-size-default\">Eisenbahnsektor: Entwickelte L\u00f6sungen f\u00fcr ein vollst\u00e4ndiges Angebot\n<\/h2>\t\t\t\t<\/div>\n\t\t\t\t<\/div>\n\t\t\t\t\t<\/div>\n\t\t<\/div>\n\t\t\t\t<div class=\"elementor-column elementor-col-50 elementor-top-column elementor-element elementor-element-ee309d9 sc_layouts_hide_on_mobile sc_content_align_inherit sc_layouts_column_icons_position_left sc_fly_static\" data-id=\"ee309d9\" data-element_type=\"column\" data-e-type=\"column\">\n\t\t\t<div class=\"elementor-widget-wrap\">\n\t\t\t\t\t\t\t<\/div>\n\t\t<\/div>\n\t\t\t\t\t<\/div>\n\t\t<\/section>\n\t\t\t\t<section class=\"elementor-section elementor-top-section elementor-element elementor-element-9934972 elementor-section-boxed elementor-section-height-default elementor-section-height-default sc_fly_static\" data-id=\"9934972\" data-element_type=\"section\" data-e-type=\"section\">\n\t\t\t\t\t\t<div class=\"elementor-container elementor-column-gap-extended\">\n\t\t\t\t\t<div class=\"elementor-column elementor-col-50 elementor-top-column elementor-element elementor-element-90cdbd5 sc_content_align_inherit sc_layouts_column_icons_position_left sc_fly_static\" data-id=\"90cdbd5\" data-element_type=\"column\" data-e-type=\"column\">\n\t\t\t<div class=\"elementor-widget-wrap elementor-element-populated\">\n\t\t\t\t\t\t<div class=\"elementor-element elementor-element-007abd5 sc_fly_static elementor-widget elementor-widget-trx_sc_button\" data-id=\"007abd5\" data-element_type=\"widget\" data-e-type=\"widget\" data-widget_type=\"trx_sc_button.default\">\n\t\t\t\t<div class=\"elementor-widget-container\">\n\t\t\t\t\t<div\tclass=\"sc_item_button sc_button_wrap sc_align_left\" ><a href=\"https:\/\/www.movintergroup.com\/de\/kontakte\/\" class=\"sc_button sc_button_hover sc_button_size_normal sc_button_icon_left\" ><span class=\"sc_button_text\"><span class=\"sc_button_title\">Erfahren Sie mehr<\/span><\/span><\/a><\/div>\t\t\t\t<\/div>\n\t\t\t\t<\/div>\n\t\t\t\t\t<\/div>\n\t\t<\/div>\n\t\t\t\t<div class=\"elementor-column elementor-col-50 elementor-top-column elementor-element elementor-element-fd2c95e sc_content_align_inherit sc_layouts_column_icons_position_left sc_fly_static\" data-id=\"fd2c95e\" data-element_type=\"column\" data-e-type=\"column\">\n\t\t\t<div class=\"elementor-widget-wrap elementor-element-populated\">\n\t\t\t\t\t\t<div class=\"elementor-element elementor-element-dff9036 sc_fly_static elementor-widget elementor-widget-text-editor\" data-id=\"dff9036\" data-element_type=\"widget\" data-e-type=\"widget\" data-widget_type=\"text-editor.default\">\n\t\t\t\t<div class=\"elementor-widget-container\">\n\t\t\t\t\t\t\t\t\t<p>Mit fundiertem und umfassendem Wissen \u00fcber die Eisenbahnbranche und \u00fcber 30.000 verwalteten Verkaufscodes befasst sich die Movinter Group mit verschiedenen Eisenbahnsystemen. Insbesondere unsere Produkte umfassen leichte Metallkonstruktionen und Rohrleitungen wie megaracks, Dachabdeckungen, pneumatische Anlagen unter dem Kasten und unter dem Boden sowie Kabeldurchf\u00fchrungsplatten. In der elektrischen Gesch\u00e4ftseinheit stellen wir vorverkabelte Kabelkan\u00e4le, Fahrerpulte, elektrische Abteilungs- und Stromrichter sowie elektrische Signaltafeln f\u00fcr Z\u00fcge und Bodenanlagen her.<\/p>\t\t\t\t\t\t\t\t<\/div>\n\t\t\t\t<\/div>\n\t\t\t\t<div class=\"elementor-element elementor-element-c4e8f5c sc_fly_static elementor-widget elementor-widget-text-editor\" data-id=\"c4e8f5c\" data-element_type=\"widget\" data-e-type=\"widget\" data-widget_type=\"text-editor.default\">\n\t\t\t\t<div class=\"elementor-widget-container\">\n\t\t\t\t\t\t\t\t\t<p>Die Gesch\u00e4ftseinheit Isolierung ist auf die Entwicklung von passiven Brandschutzsystemen, Brandschutzt\u00fcren, W\u00e4rme- und Schalld\u00e4mmung, technischen B\u00f6den und beheizten B\u00f6den spezialisiert.<\/p>\t\t\t\t\t\t\t\t<\/div>\n\t\t\t\t<\/div>\n\t\t\t\t\t<\/div>\n\t\t<\/div>\n\t\t\t\t\t<\/div>\n\t\t<\/section>\n\t\t\t\t<section class=\"elementor-section elementor-top-section elementor-element elementor-element-59ded36 elementor-section-boxed elementor-section-height-default elementor-section-height-default sc_fly_static\" data-id=\"59ded36\" data-element_type=\"section\" data-e-type=\"section\">\n\t\t\t\t\t\t<div class=\"elementor-container elementor-column-gap-extended\">\n\t\t\t\t\t<div class=\"elementor-column elementor-col-100 elementor-top-column elementor-element elementor-element-8aab3ea sc_content_align_inherit sc_layouts_column_icons_position_left sc_fly_static\" data-id=\"8aab3ea\" data-element_type=\"column\" data-e-type=\"column\">\n\t\t\t<div class=\"elementor-widget-wrap elementor-element-populated\">\n\t\t\t\t\t\t<div class=\"elementor-element elementor-element-b2dde8c sc_fly_static elementor-widget elementor-widget-image\" data-id=\"b2dde8c\" data-element_type=\"widget\" data-e-type=\"widget\" data-widget_type=\"image.default\">\n\t\t\t\t<div class=\"elementor-widget-container\">\n\t\t\t\t\t\t\t\t\t\t\t\t\t\t\t<img decoding=\"async\" width=\"2048\" height=\"832\" src=\"https:\/\/www.movintergroup.com\/de\/wp-content\/uploads\/sites\/3\/2025\/09\/settori-navale-pagina-1.webp\" class=\"attachment-full size-full wp-image-37699\" alt=\"Movinter group - Settore navale, competenza al servizio della cantieristica civile e militare\" srcset=\"https:\/\/www.movintergroup.com\/de\/wp-content\/uploads\/sites\/3\/2025\/09\/settori-navale-pagina-1.webp 2048w, https:\/\/www.movintergroup.com\/de\/wp-content\/uploads\/sites\/3\/2025\/09\/settori-navale-pagina-1-300x122.webp 300w, https:\/\/www.movintergroup.com\/de\/wp-content\/uploads\/sites\/3\/2025\/09\/settori-navale-pagina-1-1024x416.webp 1024w, https:\/\/www.movintergroup.com\/de\/wp-content\/uploads\/sites\/3\/2025\/09\/settori-navale-pagina-1-768x312.webp 768w, https:\/\/www.movintergroup.com\/de\/wp-content\/uploads\/sites\/3\/2025\/09\/settori-navale-pagina-1-1536x624.webp 1536w, https:\/\/www.movintergroup.com\/de\/wp-content\/uploads\/sites\/3\/2025\/09\/settori-navale-pagina-1-370x150.webp 370w, https:\/\/www.movintergroup.com\/de\/wp-content\/uploads\/sites\/3\/2025\/09\/settori-navale-pagina-1-840x341.webp 840w, https:\/\/www.movintergroup.com\/de\/wp-content\/uploads\/sites\/3\/2025\/09\/settori-navale-pagina-1-410x167.webp 410w\" sizes=\"(max-width: 2048px) 100vw, 2048px\" \/>\t\t\t\t\t\t\t\t\t\t\t\t\t\t\t<\/div>\n\t\t\t\t<\/div>\n\t\t\t\t\t<\/div>\n\t\t<\/div>\n\t\t\t\t\t<\/div>\n\t\t<\/section>\n\t\t\t\t<section class=\"elementor-section elementor-top-section elementor-element elementor-element-01b63d7 elementor-section-boxed elementor-section-height-default elementor-section-height-default sc_fly_static\" data-id=\"01b63d7\" data-element_type=\"section\" data-e-type=\"section\">\n\t\t\t\t\t\t<div class=\"elementor-container elementor-column-gap-extended\">\n\t\t\t\t\t<div class=\"elementor-column elementor-col-50 elementor-top-column elementor-element elementor-element-ae6bfa4 sc_content_align_inherit sc_layouts_column_icons_position_left sc_fly_static\" data-id=\"ae6bfa4\" data-element_type=\"column\" data-e-type=\"column\">\n\t\t\t<div class=\"elementor-widget-wrap elementor-element-populated\">\n\t\t\t\t\t\t<div class=\"elementor-element elementor-element-b38f283 sc_fly_static elementor-widget elementor-widget-heading\" data-id=\"b38f283\" data-element_type=\"widget\" data-e-type=\"widget\" data-widget_type=\"heading.default\">\n\t\t\t\t<div class=\"elementor-widget-container\">\n\t\t\t\t\t<h2 class=\"elementor-heading-title elementor-size-default\">Maritimer Sektor: Kompetenz im Dienst der zivilen und milit\u00e4rischen Schiffbauindustrie<\/h2>\t\t\t\t<\/div>\n\t\t\t\t<\/div>\n\t\t\t\t\t<\/div>\n\t\t<\/div>\n\t\t\t\t<div class=\"elementor-column elementor-col-50 elementor-top-column elementor-element elementor-element-14062c1 sc_layouts_hide_on_mobile sc_content_align_inherit sc_layouts_column_icons_position_left sc_fly_static\" data-id=\"14062c1\" data-element_type=\"column\" data-e-type=\"column\">\n\t\t\t<div class=\"elementor-widget-wrap\">\n\t\t\t\t\t\t\t<\/div>\n\t\t<\/div>\n\t\t\t\t\t<\/div>\n\t\t<\/section>\n\t\t\t\t<section class=\"elementor-section elementor-top-section elementor-element elementor-element-17e4d66 elementor-section-boxed elementor-section-height-default elementor-section-height-default sc_fly_static\" data-id=\"17e4d66\" data-element_type=\"section\" data-e-type=\"section\">\n\t\t\t\t\t\t<div class=\"elementor-container elementor-column-gap-extended\">\n\t\t\t\t\t<div class=\"elementor-column elementor-col-50 elementor-top-column elementor-element elementor-element-be842fa sc_content_align_inherit sc_layouts_column_icons_position_left sc_fly_static\" data-id=\"be842fa\" data-element_type=\"column\" data-e-type=\"column\">\n\t\t\t<div class=\"elementor-widget-wrap elementor-element-populated\">\n\t\t\t\t\t\t<div class=\"elementor-element elementor-element-3ccc1bd sc_fly_static elementor-widget elementor-widget-trx_sc_button\" data-id=\"3ccc1bd\" data-element_type=\"widget\" data-e-type=\"widget\" data-widget_type=\"trx_sc_button.default\">\n\t\t\t\t<div class=\"elementor-widget-container\">\n\t\t\t\t\t<div\tclass=\"sc_item_button sc_button_wrap sc_align_left\" ><a href=\"https:\/\/www.movintergroup.com\/de\/kontakte\/\" class=\"sc_button sc_button_hover sc_button_size_normal sc_button_icon_left\" ><span class=\"sc_button_text\"><span class=\"sc_button_title\">Erfahren Sie mehr<\/span><\/span><\/a><\/div>\t\t\t\t<\/div>\n\t\t\t\t<\/div>\n\t\t\t\t\t<\/div>\n\t\t<\/div>\n\t\t\t\t<div class=\"elementor-column elementor-col-50 elementor-top-column elementor-element elementor-element-169a3ec sc_content_align_inherit sc_layouts_column_icons_position_left sc_fly_static\" data-id=\"169a3ec\" data-element_type=\"column\" data-e-type=\"column\">\n\t\t\t<div class=\"elementor-widget-wrap elementor-element-populated\">\n\t\t\t\t\t\t<div class=\"elementor-element elementor-element-fd835a1 sc_fly_static elementor-widget elementor-widget-text-editor\" data-id=\"fd835a1\" data-element_type=\"widget\" data-e-type=\"widget\" data-widget_type=\"text-editor.default\">\n\t\t\t\t<div class=\"elementor-widget-container\">\n\t\t\t\t\t\t\t\t\t<p>Dank des in den Bereichen Milit\u00e4r und Yachtbau erworbenen Know-hows bietet die Gruppe mit Six Italia integrierte L\u00f6sungen f\u00fcr den Schiffbau an, die interne und externe Schiffsausr\u00fcstungen umfassen, insbesondere technische B\u00f6den, Gitterroste aus Glasfaser und Becken aus Verbundwerkstoffen. Die Gruppe k\u00fcmmert sich auch um die Herstellung und Installation von Life-Lines, Gel\u00e4ndern, Schiffsrosten und vorgefertigten Sanit\u00e4rboxen und gew\u00e4hrleistet so leistungsstarke modulare Systeme.<\/p>\t\t\t\t\t\t\t\t<\/div>\n\t\t\t\t<\/div>\n\t\t\t\t<div class=\"elementor-element elementor-element-e60d2f6 sc_fly_static elementor-widget elementor-widget-text-editor\" data-id=\"e60d2f6\" data-element_type=\"widget\" data-e-type=\"widget\" data-widget_type=\"text-editor.default\">\n\t\t\t\t<div class=\"elementor-widget-container\">\n\t\t\t\t\t\t\t\t\t<p>Seit \u00fcber drei\u00dfig Jahren ist die Movinter Group durch Six Italia auch im Bereich der milit\u00e4rischen ballistischen Schutzsysteme t\u00e4tig, insbesondere in der Produktion von technologischen Komponenten f\u00fcr die von Fincantieri gebauten Schiffe der Marine. Zu den gelieferten L\u00f6sungen geh\u00f6ren insbesondere ballistische Platten, RAM-Platten, pneumatische Systeme f\u00fcr Bewaffnungen und spezielle Metallkonstruktionen.<\/p>\t\t\t\t\t\t\t\t<\/div>\n\t\t\t\t<\/div>\n\t\t\t\t<div class=\"elementor-element elementor-element-06038d5 sc_fly_static elementor-widget elementor-widget-text-editor\" data-id=\"06038d5\" data-element_type=\"widget\" data-e-type=\"widget\" data-widget_type=\"text-editor.default\">\n\t\t\t\t<div class=\"elementor-widget-container\">\n\t\t\t\t\t\t\t\t\t<p>In den letzten Jahren hat die Gruppe ihr Angebot erweitert und sich auch im Bereich der Schiffseinrichtung etabliert, indem sie mit den wichtigsten italienischen Werften zusammenarbeitet und Decken, Verbundw\u00e4nde f\u00fcr Luxusboote und Yachten liefert und installiert, wobei sie Exzellenz, Sicherheit und Qualit\u00e4t in jedem Detail gew\u00e4hrleistet.<\/p>\t\t\t\t\t\t\t\t<\/div>\n\t\t\t\t<\/div>\n\t\t\t\t\t<\/div>\n\t\t<\/div>\n\t\t\t\t\t<\/div>\n\t\t<\/section>\n\t\t\t\t<section class=\"elementor-section elementor-top-section elementor-element elementor-element-0f70cbd elementor-section-full_width elementor-section-height-default elementor-section-height-default sc_fly_static\" data-id=\"0f70cbd\" data-element_type=\"section\" data-e-type=\"section\">\n\t\t\t\t\t\t<div class=\"elementor-container elementor-column-gap-extended\">\n\t\t\t\t\t<div class=\"elementor-column elementor-col-100 elementor-top-column elementor-element elementor-element-7cd06d0 sc_content_align_inherit sc_layouts_column_icons_position_left sc_fly_static\" data-id=\"7cd06d0\" data-element_type=\"column\" data-e-type=\"column\">\n\t\t\t<div class=\"elementor-widget-wrap elementor-element-populated\">\n\t\t\t\t\t\t<div class=\"elementor-element elementor-element-d6b9b14 sc_fly_static elementor-widget elementor-widget-shortcode\" data-id=\"d6b9b14\" data-element_type=\"widget\" data-e-type=\"widget\" data-widget_type=\"shortcode.default\">\n\t\t\t\t<div class=\"elementor-widget-container\">\n\t\t\t\t\t\t\t<div class=\"elementor-shortcode\">\t\t<div data-elementor-type=\"section\" data-elementor-id=\"37600\" class=\"elementor elementor-37600\" data-elementor-post-type=\"elementor_library\">\n\t\t\t\t\t<section class=\"elementor-section elementor-top-section elementor-element elementor-element-3791a50b elementor-section-full_width elementor-section-height-default elementor-section-height-default sc_fly_static\" data-id=\"3791a50b\" data-element_type=\"section\" data-e-type=\"section\">\n\t\t\t\t\t\t<div class=\"elementor-container elementor-column-gap-extended\">\n\t\t\t\t\t<div class=\"elementor-column elementor-col-100 elementor-top-column elementor-element elementor-element-2f20fb69 sc_content_align_inherit sc_layouts_column_icons_position_left sc_fly_static\" data-id=\"2f20fb69\" data-element_type=\"column\" data-e-type=\"column\">\n\t\t\t<div class=\"elementor-widget-wrap elementor-element-populated\">\n\t\t\t\t\t\t<div class=\"elementor-element elementor-element-443cb702 sc_fly_static elementor-widget elementor-widget-heading\" data-id=\"443cb702\" data-element_type=\"widget\" data-e-type=\"widget\" data-widget_type=\"heading.default\">\n\t\t\t\t<div class=\"elementor-widget-container\">\n\t\t\t\t\t<h3 class=\"elementor-heading-title elementor-size-default\">Wir haben f\u00fcr gearbeitet:\n<\/h3>\t\t\t\t<\/div>\n\t\t\t\t<\/div>\n\t\t\t\t<div class=\"elementor-element elementor-element-3b6772ac sc_fly_static elementor-widget elementor-widget-image-carousel\" data-id=\"3b6772ac\" data-element_type=\"widget\" data-e-type=\"widget\" data-settings=\"{&quot;slides_to_show&quot;:&quot;6&quot;,&quot;slides_to_scroll&quot;:&quot;1&quot;,&quot;navigation&quot;:&quot;none&quot;,&quot;autoplay_speed&quot;:0,&quot;speed&quot;:5000,&quot;slides_to_show_tablet&quot;:&quot;4&quot;,&quot;slides_to_show_mobile&quot;:&quot;2&quot;,&quot;autoplay&quot;:&quot;yes&quot;,&quot;infinite&quot;:&quot;yes&quot;}\" data-widget_type=\"image-carousel.default\">\n\t\t\t\t<div class=\"elementor-widget-container\">\n\t\t\t\t\t\t\t<div class=\"elementor-image-carousel-wrapper swiper\" role=\"region\" aria-roledescription=\"carousel\" aria-label=\"Carosello clienti\" dir=\"ltr\">\n\t\t\t<div class=\"elementor-image-carousel swiper-wrapper swiper-image-stretch\" aria-live=\"off\">\n\t\t\t\t\t\t\t\t<div class=\"swiper-slide\" role=\"group\" aria-roledescription=\"slide\" aria-label=\"1 von 9\"><figure class=\"swiper-slide-inner\"><img decoding=\"async\" class=\"swiper-slide-image\" src=\"https:\/\/www.movintergroup.com\/de\/wp-content\/uploads\/sites\/3\/2025\/09\/Hitachi-logo.webp\" alt=\"Hitachi\" \/><\/figure><\/div><div class=\"swiper-slide\" role=\"group\" aria-roledescription=\"slide\" aria-label=\"2 von 9\"><figure class=\"swiper-slide-inner\"><img decoding=\"async\" class=\"swiper-slide-image\" src=\"https:\/\/www.movintergroup.com\/de\/wp-content\/uploads\/sites\/3\/2025\/09\/Alstom-logo.webp\" alt=\"Alstom\" \/><\/figure><\/div><div class=\"swiper-slide\" role=\"group\" aria-roledescription=\"slide\" aria-label=\"3 von 9\"><figure class=\"swiper-slide-inner\"><img decoding=\"async\" class=\"swiper-slide-image\" src=\"https:\/\/www.movintergroup.com\/de\/wp-content\/uploads\/sites\/3\/2025\/09\/Fincantieri-logo.webp\" alt=\"Fincantieri\" \/><\/figure><\/div><div class=\"swiper-slide\" role=\"group\" aria-roledescription=\"slide\" aria-label=\"4 von 9\"><figure class=\"swiper-slide-inner\"><img decoding=\"async\" class=\"swiper-slide-image\" src=\"https:\/\/www.movintergroup.com\/de\/wp-content\/uploads\/sites\/3\/2025\/09\/Leonardo-logo.webp\" alt=\"Leonardo\" \/><\/figure><\/div><div class=\"swiper-slide\" role=\"group\" aria-roledescription=\"slide\" aria-label=\"5 von 9\"><figure class=\"swiper-slide-inner\"><img decoding=\"async\" class=\"swiper-slide-image\" src=\"https:\/\/www.movintergroup.com\/de\/wp-content\/uploads\/sites\/3\/2025\/09\/Stadler-logo.webp\" alt=\"Stadler\" \/><\/figure><\/div><div class=\"swiper-slide\" role=\"group\" aria-roledescription=\"slide\" aria-label=\"6 von 9\"><figure class=\"swiper-slide-inner\"><img decoding=\"async\" class=\"swiper-slide-image\" src=\"https:\/\/www.movintergroup.com\/de\/wp-content\/uploads\/sites\/3\/2025\/09\/Firema-Titagarh-logo.webp\" alt=\"Firema Titagarh\" \/><\/figure><\/div><div class=\"swiper-slide\" role=\"group\" aria-roledescription=\"slide\" aria-label=\"7 von 9\"><figure class=\"swiper-slide-inner\"><img decoding=\"async\" class=\"swiper-slide-image\" src=\"https:\/\/www.movintergroup.com\/de\/wp-content\/uploads\/sites\/3\/2025\/09\/Intermarine-logo.webp\" alt=\"Intermarine\" \/><\/figure><\/div><div class=\"swiper-slide\" role=\"group\" aria-roledescription=\"slide\" aria-label=\"8 von 9\"><figure class=\"swiper-slide-inner\"><img decoding=\"async\" class=\"swiper-slide-image\" src=\"https:\/\/www.movintergroup.com\/de\/wp-content\/uploads\/sites\/3\/2025\/09\/Marriotti-logo.webp\" alt=\"Marriotti\" \/><\/figure><\/div><div class=\"swiper-slide\" role=\"group\" aria-roledescription=\"slide\" aria-label=\"9 von 9\"><figure class=\"swiper-slide-inner\"><img decoding=\"async\" class=\"swiper-slide-image\" src=\"https:\/\/www.movintergroup.com\/de\/wp-content\/uploads\/sites\/3\/2025\/09\/Mecaer-Aviation-logo.webp\" alt=\"Mecaer Aviation\" \/><\/figure><\/div>\t\t\t<\/div>\n\t\t\t\t\t\t\t\n\t\t\t\t\t\t\t\t\t<\/div>\n\t\t\t\t\t\t<\/div>\n\t\t\t\t<\/div>\n\t\t\t\t\t<\/div>\n\t\t<\/div>\n\t\t\t\t\t<\/div>\n\t\t<\/section>\n\t\t\t\t<\/div>\n\t\t<\/div>\n\t\t\t\t\t\t<\/div>\n\t\t\t\t<\/div>\n\t\t\t\t\t<\/div>\n\t\t<\/div>\n\t\t\t\t\t<\/div>\n\t\t<\/section>\n\t\t\t\t<\/div>\n\t\t","protected":false},"excerpt":{"rendered":"<p>Experten im maritimen, eisenbahntechnischen und Verteidigungsbereich Eisenbahnsektor: Entwickelte L\u00f6sungen f\u00fcr ein vollst\u00e4ndiges Angebot Erfahren Sie mehr Mit fundiertem und umfassendem Wissen \u00fcber die Eisenbahnbranche und \u00fcber 30.000 verwalteten Verkaufscodes befasst&hellip;<\/p>\n","protected":false},"author":2,"featured_media":0,"parent":0,"menu_order":0,"comment_status":"closed","ping_status":"closed","template":"","meta":{"footnotes":""},"class_list":["post-37102","page","type-page","status-publish","hentry"],"_links":{"self":[{"href":"https:\/\/www.movintergroup.com\/de\/wp-json\/wp\/v2\/pages\/37102","targetHints":{"allow":["GET"]}}],"collection":[{"href":"https:\/\/www.movintergroup.com\/de\/wp-json\/wp\/v2\/pages"}],"about":[{"href":"https:\/\/www.movintergroup.com\/de\/wp-json\/wp\/v2\/types\/page"}],"author":[{"embeddable":true,"href":"https:\/\/www.movintergroup.com\/de\/wp-json\/wp\/v2\/users\/2"}],"replies":[{"embeddable":true,"href":"https:\/\/www.movintergroup.com\/de\/wp-json\/wp\/v2\/comments?post=37102"}],"version-history":[{"count":62,"href":"https:\/\/www.movintergroup.com\/de\/wp-json\/wp\/v2\/pages\/37102\/revisions"}],"predecessor-version":[{"id":38282,"href":"https:\/\/www.movintergroup.com\/de\/wp-json\/wp\/v2\/pages\/37102\/revisions\/38282"}],"wp:attachment":[{"href":"https:\/\/www.movintergroup.com\/de\/wp-json\/wp\/v2\/media?parent=37102"}],"curies":[{"name":"wp","href":"https:\/\/api.w.org\/{rel}","templated":true}]}}